{"id":2023325,"date":"2021-07-09T11:24:30","date_gmt":"2021-07-09T11:24:30","guid":{"rendered":"https:\/\/forloveatart.com\/?post_type=product&#038;p=2023325"},"modified":"2021-08-09T17:27:33","modified_gmt":"2021-08-09T17:27:33","slug":"espejismos","status":"publish","type":"product","link":"https:\/\/forloveatart.com\/en\/producto\/espejismos\/","title":{"rendered":"ESPEJISMOS"},"content":{"rendered":"<p>Esta obra de E. Mart\u00ed Zaro representa cualquier calle de cualquier ciudad del mundo. En una instant\u00e1nea , la artista capta la luz y las sombras, las l\u00edneas y las geometr\u00edas y encuentra una composici\u00f3n perfecta. Las l\u00edneas verticales , casi como hendiduras en el muro, se equilibran con las horizontales formadas por los contrastes entre luces y sombras. Los contraluces y claroscuro, conforman una estructura en si misma .Todo ello compone una escena que a\u00a0 la artista le sugiere en un instante, una historia , un secreto, un misterio. Un momento que se perpetua en cualquier lugar del mundo.<\/p>\n<p>Realizado en \u00f3leo y pastel sobre un papel hecho a mano le dan calidad mat\u00e9rica, corp\u00f3rea\u00a0 y a la vez\u00a0 ligera .<\/p>\n<p>El contraste entre las linea n\u00edtidas, solidas, rotundas y las delicadas transparencias de las sombras y luces , adem\u00e1s del casi\u00a0 mono cromatismo , hacen que la obra sea rotunda.<\/p>\n","protected":false},"excerpt":{"rendered":"<p>ESPEJISMOS, \u00f3leo y pastel al \u00f3leo sobre papel, 76 x 56 cm, 2021<\/p>\n","protected":false},"featured_media":2023309,"template":"","meta":[],"product_brand":[],"product_cat":[177],"product_tag":[920,141,168,968,1085,913,169,714,926,598],"class_list":{"0":"post-2023325","1":"product","2":"type-product","3":"status-publish","4":"has-post-thumbnail","6":"product_cat-paintings","7":"product_tag-arqutectura","8":"product_tag-arte-contemporaneo","9":"product_tag-arte-moderno-pintura","10":"product_tag-contraste","11":"product_tag-georgia-okeeffe","12":"product_tag-luz","13":"product_tag-oleo","14":"product_tag-paisaje-metafisico","15":"product_tag-perspectiva","16":"product_tag-tecnica-mixta","17":"product_shipping_class-caja","18":"pa_artistas-verificados-elena-marti-zaro","19":"pa_disciplina-pintura","20":"pa_estilo-neometafisico","21":"pa_orientacion-vertical","22":"pa_tecnica-oleo","23":"pa_tema-luz","26":"instock","27":"sold-individually","28":"shipping-taxable","29":"purchasable","30":"product-type-simple"},"_links":{"self":[{"href":"https:\/\/forloveatart.com\/en\/wp-json\/wp\/v2\/product\/2023325","targetHints":{"allow":["GET"]}}],"collection":[{"href":"https:\/\/forloveatart.com\/en\/wp-json\/wp\/v2\/product"}],"about":[{"href":"https:\/\/forloveatart.com\/en\/wp-json\/wp\/v2\/types\/product"}],"version-history":[{"count":1,"href":"https:\/\/forloveatart.com\/en\/wp-json\/wp\/v2\/product\/2023325\/revisions"}],"predecessor-version":[{"id":2023326,"href":"https:\/\/forloveatart.com\/en\/wp-json\/wp\/v2\/product\/2023325\/revisions\/2023326"}],"wp:featuredmedia":[{"embeddable":true,"href":"https:\/\/forloveatart.com\/en\/wp-json\/wp\/v2\/media\/2023309"}],"wp:attachment":[{"href":"https:\/\/forloveatart.com\/en\/wp-json\/wp\/v2\/media?parent=2023325"}],"wp:term":[{"taxonomy":"product_brand","embeddable":true,"href":"https:\/\/forloveatart.com\/en\/wp-json\/wp\/v2\/product_brand?post=2023325"},{"taxonomy":"product_cat","embeddable":true,"href":"https:\/\/forloveatart.com\/en\/wp-json\/wp\/v2\/product_cat?post=2023325"},{"taxonomy":"product_tag","embeddable":true,"href":"https:\/\/forloveatart.com\/en\/wp-json\/wp\/v2\/product_tag?post=2023325"}],"curies":[{"name":"wp","href":"https:\/\/api.w.org\/{rel}","templated":true}]}}