{"id":2023479,"date":"2021-08-09T17:18:13","date_gmt":"2021-08-09T17:18:13","guid":{"rendered":"https:\/\/forloveatart.com\/?post_type=product&#038;p=2023479"},"modified":"2021-08-15T16:22:46","modified_gmt":"2021-08-15T16:22:46","slug":"escondites","status":"publish","type":"product","link":"https:\/\/forloveatart.com\/en\/producto\/escondites\/","title":{"rendered":"ESCONDITES"},"content":{"rendered":"<p>Esta obra de MZ\u00a0 pertenece a la nueva andadura de la artista iniciada en 2020, es obra sobre papel en todas las t\u00e9cnicas. En esta andadura se va concretando su estilo mas sincero.<\/p>\n<p>La obra titulada Escondites puede inspirar una cierta soledad , tambi\u00e9n la b\u00fasqueda de un secreto escondido. Realizada con una sobriedad exquisita, tanto conceptual como t\u00e9cnica, la artista insiste en encontrar la expresi\u00f3n de lo mas complejo con la m\u00e1xima sencillez.\u00a0<\/p>\n<p>Se puede considerar estilo\u00a0 &#8221; neo metaf\u00edsico&#8221; o &#8221; nuevo realismo m\u00e1gico&#8221;<\/p>\n","protected":false},"excerpt":{"rendered":"<p>ESCONDITES<\/p>\n<p>\u00d3leo y pastel al \u00f3leo sobre papel hecho a mano de 300g.<\/p>\n<p>76 x 56 cm.<\/p>\n<p>2021<\/p>\n","protected":false},"featured_media":2023459,"template":"","meta":[],"product_brand":[],"product_cat":[177],"product_tag":[141,917,912,913,974,169,891,926,927,133],"class_list":{"0":"post-2023479","1":"product","2":"type-product","3":"status-publish","4":"has-post-thumbnail","6":"product_cat-paintings","7":"product_tag-arte-contemporaneo","8":"product_tag-color","9":"product_tag-geometria","10":"product_tag-luz","11":"product_tag-neometafisico","12":"product_tag-oleo","13":"product_tag-papel","14":"product_tag-perspectiva","15":"product_tag-profundidad","16":"product_tag-realismo-magico","17":"product_shipping_class-caja","18":"pa_artistas-verificados-elena-marti-zaro","19":"pa_disciplina-pintura","20":"pa_estilo-neometafisica","21":"pa_orientacion-vertical","22":"pa_tecnica-oleo","23":"pa_tema-urbano","26":"instock","27":"featured","28":"shipping-taxable","29":"purchasable","30":"product-type-simple"},"_links":{"self":[{"href":"https:\/\/forloveatart.com\/en\/wp-json\/wp\/v2\/product\/2023479","targetHints":{"allow":["GET"]}}],"collection":[{"href":"https:\/\/forloveatart.com\/en\/wp-json\/wp\/v2\/product"}],"about":[{"href":"https:\/\/forloveatart.com\/en\/wp-json\/wp\/v2\/types\/product"}],"version-history":[{"count":0,"href":"https:\/\/forloveatart.com\/en\/wp-json\/wp\/v2\/product\/2023479\/revisions"}],"wp:featuredmedia":[{"embeddable":true,"href":"https:\/\/forloveatart.com\/en\/wp-json\/wp\/v2\/media\/2023459"}],"wp:attachment":[{"href":"https:\/\/forloveatart.com\/en\/wp-json\/wp\/v2\/media?parent=2023479"}],"wp:term":[{"taxonomy":"product_brand","embeddable":true,"href":"https:\/\/forloveatart.com\/en\/wp-json\/wp\/v2\/product_brand?post=2023479"},{"taxonomy":"product_cat","embeddable":true,"href":"https:\/\/forloveatart.com\/en\/wp-json\/wp\/v2\/product_cat?post=2023479"},{"taxonomy":"product_tag","embeddable":true,"href":"https:\/\/forloveatart.com\/en\/wp-json\/wp\/v2\/product_tag?post=2023479"}],"curies":[{"name":"wp","href":"https:\/\/api.w.org\/{rel}","templated":true}]}}