{"id":2023609,"date":"2021-10-26T05:12:53","date_gmt":"2021-10-26T05:12:53","guid":{"rendered":"https:\/\/forloveatart.com\/?post_type=product&#038;p=2023609"},"modified":"2021-10-26T05:12:56","modified_gmt":"2021-10-26T05:12:56","slug":"embrujos","status":"publish","type":"product","link":"https:\/\/forloveatart.com\/en\/producto\/embrujos\/","title":{"rendered":"EMBRUJOS"},"content":{"rendered":"<p>Embrujos es una obra realizad en l\u00e1piz de color sobre papel , de formato medio.\u00a0<\/p>\n<p>Transmite serenidad , an\u00e1lisis y reflexi\u00f3n . Inspirada en alg\u00fan lugar\u00a0 encontrado en un momento cotidiano, cualquier sitio que encuentra en su vivir diario.\u00a0<\/p>\n<p>La artista quiere contar que lo bello esta a nuestro alrededor con su sencillez\u00a0 y simplicidad<\/p>\n","protected":false},"excerpt":{"rendered":"<p>EMBRUJOS, l\u00e1piz de color sobre papel de 300 g, 76 x 56 cm, 2021<\/p>\n<p>Elena Mart\u00ed Zaro<\/p>\n","protected":false},"featured_media":2023595,"template":"","meta":[],"product_brand":[],"product_cat":[600],"product_tag":[141,912,714,596,133],"class_list":{"0":"post-2023609","1":"product","2":"type-product","3":"status-publish","4":"has-post-thumbnail","6":"product_cat-dibujo","7":"product_tag-arte-contemporaneo","8":"product_tag-geometria","9":"product_tag-paisaje-metafisico","10":"product_tag-paisaje-urbano","11":"product_tag-realismo-magico","12":"product_shipping_class-caja","13":"pa_artistas-verificados-elena-marti-zaro","14":"pa_disciplina-dibujo","15":"pa_estilo-neometafisica","16":"pa_orientacion-vertical","17":"pa_tecnica-lapiz","18":"pa_tema-contraluz","21":"instock","22":"sale","23":"sold-individually","24":"shipping-taxable","25":"purchasable","26":"product-type-simple"},"_links":{"self":[{"href":"https:\/\/forloveatart.com\/en\/wp-json\/wp\/v2\/product\/2023609","targetHints":{"allow":["GET"]}}],"collection":[{"href":"https:\/\/forloveatart.com\/en\/wp-json\/wp\/v2\/product"}],"about":[{"href":"https:\/\/forloveatart.com\/en\/wp-json\/wp\/v2\/types\/product"}],"version-history":[{"count":0,"href":"https:\/\/forloveatart.com\/en\/wp-json\/wp\/v2\/product\/2023609\/revisions"}],"wp:featuredmedia":[{"embeddable":true,"href":"https:\/\/forloveatart.com\/en\/wp-json\/wp\/v2\/media\/2023595"}],"wp:attachment":[{"href":"https:\/\/forloveatart.com\/en\/wp-json\/wp\/v2\/media?parent=2023609"}],"wp:term":[{"taxonomy":"product_brand","embeddable":true,"href":"https:\/\/forloveatart.com\/en\/wp-json\/wp\/v2\/product_brand?post=2023609"},{"taxonomy":"product_cat","embeddable":true,"href":"https:\/\/forloveatart.com\/en\/wp-json\/wp\/v2\/product_cat?post=2023609"},{"taxonomy":"product_tag","embeddable":true,"href":"https:\/\/forloveatart.com\/en\/wp-json\/wp\/v2\/product_tag?post=2023609"}],"curies":[{"name":"wp","href":"https:\/\/api.w.org\/{rel}","templated":true}]}}