{"id":2023614,"date":"2021-10-26T05:10:59","date_gmt":"2021-10-26T05:10:59","guid":{"rendered":"https:\/\/forloveatart.com\/?post_type=product&#038;p=2023614"},"modified":"2021-10-26T05:11:00","modified_gmt":"2021-10-26T05:11:00","slug":"trocitos-de-cielo","status":"publish","type":"product","link":"https:\/\/forloveatart.com\/en\/producto\/trocitos-de-cielo\/","title":{"rendered":"Trocitos de cielo"},"content":{"rendered":"<h3><img fetchpriority=\"high\" decoding=\"async\" class=\"size-medium wp-image-2022327 alignleft\" src=\"https:\/\/mldjbmtub6lw.i.optimole.com\/O1IX4vg.ZZWt~5f9e3\/w:300\/h:245\/q:75\/https:\/\/forloveatart.com\/wp-content\/uploads\/2021\/03\/1.jpg\" alt=\"Trocitos de cielo\" width=\"300\" height=\"245\" data-mce-src=\"https:\/\/mldjbmtub6lw.i.optimole.com\/O1IX4vg.ZZWt~5f9e3\/w:300\/h:245\/q:75\/https:\/\/forloveatart.com\/wp-content\/uploads\/2021\/03\/1.jpg\" data-mce- title=\"\"><img decoding=\"async\" class=\"alignnone wp-image-2022331\" src=\"https:\/\/mldjbmtub6lw.i.optimole.com\/O1IX4vg.ZZWt~5f9e3\/w:300\/h:249\/q:75\/https:\/\/forloveatart.com\/wp-content\/uploads\/2021\/03\/5.jpg\" alt=\"\" width=\"304\" height=\"253\" data-mce-src=\"https:\/\/mldjbmtub6lw.i.optimole.com\/O1IX4vg.ZZWt~5f9e3\/w:300\/h:249\/q:75\/https:\/\/forloveatart.com\/wp-content\/uploads\/2021\/03\/5.jpg\" data-mce- title=\"\">.\u00a0 \u00a0 <img decoding=\"async\" class=\"size-medium wp-image-2022329 alignleft\" src=\"https:\/\/mldjbmtub6lw.i.optimole.com\/O1IX4vg.ZZWt~5f9e3\/w:300\/h:248\/q:75\/https:\/\/forloveatart.com\/wp-content\/uploads\/2021\/03\/4.jpg\" alt=\"\" width=\"300\" height=\"248\" data-mce-src=\"https:\/\/mldjbmtub6lw.i.optimole.com\/O1IX4vg.ZZWt~5f9e3\/w:300\/h:248\/q:75\/https:\/\/forloveatart.com\/wp-content\/uploads\/2021\/03\/4.jpg\" style=\"font-size: 16px;\" data-mce-style=\"font-size: 16px;\" data-mce- title=\"\"><span style=\"font-size: 16px;\" data-mce-style=\"font-size: 16px;\">\u00a0 \u00a0 \u00a0 \u00a0 \u00a0 \u00a0 \u00a0 \u00a0 \u00a0 \u00a0 \u00a0 \u00a0 \u00a0 \u00a0 \u00a0 \u00a0 \u00a0 \u00a0 \u00a0 \u00a0 \u00a0 \u00a0 \u00a0<\/span><\/h3>\n","protected":false},"excerpt":{"rendered":"<p>Tres piezas independientes conforman este tr\u00edptico cuya dimensi\u00f3n total es de : 195 x 54 cm. El tr\u00edptico denominado: &#8220;Trocitos de cielo&#8221;, est\u00e1 realizado con t\u00e9cnica mixta: pigmentos y resina vin\u00edlica, barnices y \u00f3leo, sobre madera.\u00a0<\/p>\n<p>Una obra perfecta para perderte en los colores del cielo; podr\u00eda ser un amanecer, un atardecer, un d\u00eda de lluvia o un d\u00eda de sol. Podr\u00eda ser oto\u00f1o o primavera. La captura, de esos trocitos de cielo en el soporte, pretende aglutinar la majestuosidad de los colores en el cielo a cualquier hora del d\u00eda.<\/p>\n","protected":false},"featured_media":2022327,"template":"","meta":[],"product_brand":[],"product_cat":[863,177],"product_tag":[749,658,173,141,168,654,169,175,163,598],"class_list":{"0":"post-2023614","1":"product","2":"type-product","3":"status-publish","4":"has-post-thumbnail","6":"product_cat-cristina-aliste-miguel","7":"product_cat-paintings","8":"product_tag-abstraccion-lirica","9":"product_tag-abstracto","10":"product_tag-acrilico","11":"product_tag-arte-contemporaneo","12":"product_tag-arte-moderno-pintura","13":"product_tag-expresionismo-abstracto","14":"product_tag-oleo","15":"product_tag-pintura","16":"product_tag-pintura-colorista","17":"product_tag-tecnica-mixta","18":"product_shipping_class-caja","19":"pa_artistas-verificados-cristina-aliste-miguel","20":"pa_disciplina-pintura","21":"pa_estilo-abstraccion-lirica","22":"pa_orientacion-vertical","23":"pa_tecnica-tecnica-mixta","24":"pa_tema-naturaleza","27":"instock","28":"sold-individually","29":"shipping-taxable","30":"purchasable","31":"product-type-simple"},"_links":{"self":[{"href":"https:\/\/forloveatart.com\/en\/wp-json\/wp\/v2\/product\/2023614","targetHints":{"allow":["GET"]}}],"collection":[{"href":"https:\/\/forloveatart.com\/en\/wp-json\/wp\/v2\/product"}],"about":[{"href":"https:\/\/forloveatart.com\/en\/wp-json\/wp\/v2\/types\/product"}],"version-history":[{"count":0,"href":"https:\/\/forloveatart.com\/en\/wp-json\/wp\/v2\/product\/2023614\/revisions"}],"wp:featuredmedia":[{"embeddable":true,"href":"https:\/\/forloveatart.com\/en\/wp-json\/wp\/v2\/media\/2022327"}],"wp:attachment":[{"href":"https:\/\/forloveatart.com\/en\/wp-json\/wp\/v2\/media?parent=2023614"}],"wp:term":[{"taxonomy":"product_brand","embeddable":true,"href":"https:\/\/forloveatart.com\/en\/wp-json\/wp\/v2\/product_brand?post=2023614"},{"taxonomy":"product_cat","embeddable":true,"href":"https:\/\/forloveatart.com\/en\/wp-json\/wp\/v2\/product_cat?post=2023614"},{"taxonomy":"product_tag","embeddable":true,"href":"https:\/\/forloveatart.com\/en\/wp-json\/wp\/v2\/product_tag?post=2023614"}],"curies":[{"name":"wp","href":"https:\/\/api.w.org\/{rel}","templated":true}]}}