{"id":2023645,"date":"2021-11-30T09:23:04","date_gmt":"2021-11-30T09:23:04","guid":{"rendered":"https:\/\/forloveatart.com\/?post_type=product&#038;p=2023645"},"modified":"2021-12-01T15:15:04","modified_gmt":"2021-12-01T15:15:04","slug":"casualidades","status":"publish","type":"product","link":"https:\/\/forloveatart.com\/en\/producto\/casualidades\/","title":{"rendered":"CASUALIDADES"},"content":{"rendered":"<p>Casualidades es una obra que surge de la casualidad, inspirada en un paseo con un viejo amigo por el Jard\u00edn Bot\u00e1nico de Madrid . En un recinto cerrado dentro del jard\u00edn se proyectan unas vidrieras sobre el suelo y surge la inspiraci\u00f3n. Es una instant\u00e1nea en la que se refleja la fugacidad de la luz. con\u00a0 una visi\u00f3n actual dentro del nuevo realismo m\u00e1gico y la nueva metaf\u00edsica<\/p>\n<p>Pintura contempor\u00e1nea.<\/p>\n","protected":false},"excerpt":{"rendered":"<p>Pastel al \u00f3leo sobre papel Arches hecho a mano de 300g. 76 x56 cm. 2021<\/p>\n","protected":false},"featured_media":2023629,"template":"","meta":[],"product_brand":[],"product_cat":[600],"product_tag":[141,912,140,131,169,891,133],"class_list":{"0":"post-2023645","1":"product","2":"type-product","3":"status-publish","4":"has-post-thumbnail","6":"product_cat-dibujo","7":"product_tag-arte-contemporaneo","8":"product_tag-geometria","9":"product_tag-nueva-figuracion","10":"product_tag-nuevo-realismo","11":"product_tag-oleo","12":"product_tag-papel","13":"product_tag-realismo-magico","14":"product_shipping_class-caja","15":"pa_artistas-verificados-elena-marti-zaro","16":"pa_disciplina-dibujo","17":"pa_estilo-espacial","18":"pa_orientacion-vertical","19":"pa_tecnica-pastel","20":"pa_tema-luz","23":"instock","24":"sale","25":"sold-individually","26":"shipping-taxable","27":"purchasable","28":"product-type-simple"},"_links":{"self":[{"href":"https:\/\/forloveatart.com\/en\/wp-json\/wp\/v2\/product\/2023645","targetHints":{"allow":["GET"]}}],"collection":[{"href":"https:\/\/forloveatart.com\/en\/wp-json\/wp\/v2\/product"}],"about":[{"href":"https:\/\/forloveatart.com\/en\/wp-json\/wp\/v2\/types\/product"}],"version-history":[{"count":1,"href":"https:\/\/forloveatart.com\/en\/wp-json\/wp\/v2\/product\/2023645\/revisions"}],"predecessor-version":[{"id":2023665,"href":"https:\/\/forloveatart.com\/en\/wp-json\/wp\/v2\/product\/2023645\/revisions\/2023665"}],"wp:featuredmedia":[{"embeddable":true,"href":"https:\/\/forloveatart.com\/en\/wp-json\/wp\/v2\/media\/2023629"}],"wp:attachment":[{"href":"https:\/\/forloveatart.com\/en\/wp-json\/wp\/v2\/media?parent=2023645"}],"wp:term":[{"taxonomy":"product_brand","embeddable":true,"href":"https:\/\/forloveatart.com\/en\/wp-json\/wp\/v2\/product_brand?post=2023645"},{"taxonomy":"product_cat","embeddable":true,"href":"https:\/\/forloveatart.com\/en\/wp-json\/wp\/v2\/product_cat?post=2023645"},{"taxonomy":"product_tag","embeddable":true,"href":"https:\/\/forloveatart.com\/en\/wp-json\/wp\/v2\/product_tag?post=2023645"}],"curies":[{"name":"wp","href":"https:\/\/api.w.org\/{rel}","templated":true}]}}