{"id":2024026,"date":"2023-02-06T18:10:06","date_gmt":"2023-02-06T18:10:06","guid":{"rendered":"https:\/\/forloveatart.com\/?post_type=product&#038;p=2024026"},"modified":"2023-02-08T20:25:00","modified_gmt":"2023-02-08T20:25:00","slug":"dialogos-xlviii-serie-dicotomias","status":"publish","type":"product","link":"https:\/\/forloveatart.com\/en\/producto\/dialogos-xlviii-serie-dicotomias\/","title":{"rendered":"Di\u00e1logos XLVIII. Serie Dicotom\u00edas."},"content":{"rendered":"<p>Serie &#8220;Dicotom\u00edas&#8221;. Obra perteneciente a un proyecto basado en el concepto dicotom\u00edas y en el que me valgo de la abstracci\u00f3n y de la figuraci\u00f3n para desarrollarlo. \u00bfD\u00f3nde se sit\u00faan los l\u00edmites de una definici\u00f3n o concepto?<\/p>\n","protected":false},"excerpt":{"rendered":"<p>\u00d3leo y acr\u00edlico sobre tabla. 30&#215;30 cms<\/p>\n","protected":false},"featured_media":2024020,"template":"","meta":[],"product_brand":[],"product_cat":[883],"product_tag":[173,141,168,130,169,598],"class_list":{"0":"post-2024026","1":"product","2":"type-product","3":"status-publish","4":"has-post-thumbnail","6":"product_cat-miguel-gonzalez-frade","7":"product_tag-acrilico","8":"product_tag-arte-contemporaneo","9":"product_tag-arte-moderno-pintura","10":"product_tag-hiperrealismo","11":"product_tag-oleo","12":"product_tag-tecnica-mixta","13":"product_shipping_class-caja","14":"pa_artistas-verificados-miguel-g-frade","15":"pa_disciplina-pintura","16":"pa_estilo-conceptual","17":"pa_orientacion-cuadrado","18":"pa_tecnica-tecnica-mixta","19":"pa_tema-objetos-cotidianos","22":"instock","23":"sold-individually","24":"shipping-taxable","25":"purchasable","26":"product-type-simple"},"_links":{"self":[{"href":"https:\/\/forloveatart.com\/en\/wp-json\/wp\/v2\/product\/2024026","targetHints":{"allow":["GET"]}}],"collection":[{"href":"https:\/\/forloveatart.com\/en\/wp-json\/wp\/v2\/product"}],"about":[{"href":"https:\/\/forloveatart.com\/en\/wp-json\/wp\/v2\/types\/product"}],"version-history":[{"count":0,"href":"https:\/\/forloveatart.com\/en\/wp-json\/wp\/v2\/product\/2024026\/revisions"}],"wp:featuredmedia":[{"embeddable":true,"href":"https:\/\/forloveatart.com\/en\/wp-json\/wp\/v2\/media\/2024020"}],"wp:attachment":[{"href":"https:\/\/forloveatart.com\/en\/wp-json\/wp\/v2\/media?parent=2024026"}],"wp:term":[{"taxonomy":"product_brand","embeddable":true,"href":"https:\/\/forloveatart.com\/en\/wp-json\/wp\/v2\/product_brand?post=2024026"},{"taxonomy":"product_cat","embeddable":true,"href":"https:\/\/forloveatart.com\/en\/wp-json\/wp\/v2\/product_cat?post=2024026"},{"taxonomy":"product_tag","embeddable":true,"href":"https:\/\/forloveatart.com\/en\/wp-json\/wp\/v2\/product_tag?post=2024026"}],"curies":[{"name":"wp","href":"https:\/\/api.w.org\/{rel}","templated":true}]}}