{"id":2024027,"date":"2023-02-06T18:01:13","date_gmt":"2023-02-06T18:01:13","guid":{"rendered":"https:\/\/forloveatart.com\/?post_type=product&#038;p=2024027"},"modified":"2023-02-08T20:25:00","modified_gmt":"2023-02-08T20:25:00","slug":"dialogos-il-serie-dicotomias","status":"publish","type":"product","link":"https:\/\/forloveatart.com\/en\/producto\/dialogos-il-serie-dicotomias\/","title":{"rendered":"Di\u00e1logos IL, serie Dicotom\u00edas"},"content":{"rendered":"<p>Serie &#8220;Dicotom\u00edas&#8221;. Obra perteneciente a un proyecto basado en el concepto dicotom\u00edas y en el que me valgo de la abstracci\u00f3n y de la figuraci\u00f3n para desarrollarlo. \u00bfD\u00f3nde se sit\u00faan los l\u00edmites de una definici\u00f3n o concepto?<\/p>\n","protected":false},"excerpt":{"rendered":"<p>\u00d3leo y acr\u00edlico sobre tabla.<\/p>\n<p>30 X 30 cm.<\/p>\n","protected":false},"featured_media":2024022,"template":"","meta":[],"product_brand":[],"product_cat":[883],"product_tag":[173,141,168,912,130,169,598],"class_list":{"0":"post-2024027","1":"product","2":"type-product","3":"status-publish","4":"has-post-thumbnail","6":"product_cat-miguel-gonzalez-frade","7":"product_tag-acrilico","8":"product_tag-arte-contemporaneo","9":"product_tag-arte-moderno-pintura","10":"product_tag-geometria","11":"product_tag-hiperrealismo","12":"product_tag-oleo","13":"product_tag-tecnica-mixta","14":"product_shipping_class-caja","15":"pa_artistas-verificados-miguel-g-frade","16":"pa_disciplina-pintura","17":"pa_estilo-figurativo","18":"pa_orientacion-cuadrado","19":"pa_tecnica-tecnica-mixta","20":"pa_tema-figurativo","23":"instock","24":"sold-individually","25":"shipping-taxable","26":"purchasable","27":"product-type-simple"},"_links":{"self":[{"href":"https:\/\/forloveatart.com\/en\/wp-json\/wp\/v2\/product\/2024027","targetHints":{"allow":["GET"]}}],"collection":[{"href":"https:\/\/forloveatart.com\/en\/wp-json\/wp\/v2\/product"}],"about":[{"href":"https:\/\/forloveatart.com\/en\/wp-json\/wp\/v2\/types\/product"}],"version-history":[{"count":0,"href":"https:\/\/forloveatart.com\/en\/wp-json\/wp\/v2\/product\/2024027\/revisions"}],"wp:featuredmedia":[{"embeddable":true,"href":"https:\/\/forloveatart.com\/en\/wp-json\/wp\/v2\/media\/2024022"}],"wp:attachment":[{"href":"https:\/\/forloveatart.com\/en\/wp-json\/wp\/v2\/media?parent=2024027"}],"wp:term":[{"taxonomy":"product_brand","embeddable":true,"href":"https:\/\/forloveatart.com\/en\/wp-json\/wp\/v2\/product_brand?post=2024027"},{"taxonomy":"product_cat","embeddable":true,"href":"https:\/\/forloveatart.com\/en\/wp-json\/wp\/v2\/product_cat?post=2024027"},{"taxonomy":"product_tag","embeddable":true,"href":"https:\/\/forloveatart.com\/en\/wp-json\/wp\/v2\/product_tag?post=2024027"}],"curies":[{"name":"wp","href":"https:\/\/api.w.org\/{rel}","templated":true}]}}