{"id":2024144,"date":"2023-06-27T19:42:17","date_gmt":"2023-06-27T19:42:17","guid":{"rendered":"https:\/\/forloveatart.com\/?post_type=product&#038;p=2024144"},"modified":"2023-06-27T19:42:20","modified_gmt":"2023-06-27T19:42:20","slug":"sin-tiempo","status":"publish","type":"product","link":"https:\/\/forloveatart.com\/en\/producto\/sin-tiempo\/","title":{"rendered":"Sin tiempo"},"content":{"rendered":"<p dir=\"ltr\" data-mce-style=\"line-height: 1.38; text-align: justify; margin-top: 0pt; margin-bottom: 0pt;\" style=\"line-height: 1.38;text-align: justify;margin-top: 0pt;margin-bottom: 0pt\"><span id=\"docs-internal-guid-18dcd00a-7fff-a628-d520-2f4d65996833\"><span style=\"font-size: 11pt;font-family: Arial;background-color: transparent;vertical-align: baseline\" data-mce-style=\"font-size: 11pt; font-family: Arial; background-color: transparent; vertical-align: baseline;\">Las obras de mi serie <\/span><span style=\"font-size: 11pt;font-family: Arial;background-color: transparent;font-style: italic;vertical-align: baseline\" data-mce-style=\"font-size: 11pt; font-family: Arial; background-color: transparent; font-style: italic; vertical-align: baseline;\">Espacios <\/span><span style=\"font-size: 11pt;font-family: Arial;background-color: transparent;vertical-align: baseline\" data-mce-style=\"font-size: 11pt; font-family: Arial; background-color: transparent; vertical-align: baseline;\">son clim\u00e1ticas, fragmentos de espacios desolados, donde el juego entre lo plano y lo volum\u00e9trico provoca una tensi\u00f3n visual. La paleta ficticia, la articulaci\u00f3n de sombras y luces genera ambig\u00fcedad, incomodidad e intriga. La t\u00e9cnica deviene en un lenguaje particular, aterciopelado, en el que las pinceladas se esfuman, con una apariencia pulcra y meticulosamente controlada. Esta obra tambi\u00e9n habla de un espacio, pero uno m\u00e1s lejano. <\/span><span style=\"font-size: 11pt;font-family: Arial;background-color: transparent;font-style: italic;vertical-align: baseline\" data-mce-style=\"font-size: 11pt; font-family: Arial; background-color: transparent; font-style: italic; vertical-align: baseline;\">Sin tiempo<\/span><span style=\"font-size: 11pt;font-family: Arial;background-color: transparent;vertical-align: baseline\" data-mce-style=\"font-size: 11pt; font-family: Arial; background-color: transparent; vertical-align: baseline;\"> fue creada durante el aislamiento de la pandemia. All\u00ed resurgieron las preguntas sobre la vida y la muerte, sobre la naturaleza y la evoluci\u00f3n, sobre las mutaciones y los microorganismos: las c\u00e9lulas, los virus y las bacterias. La pandemia y el encierro me hicieron mirar un poco m\u00e1s all\u00e1: al universo y a nosotros en \u00e9l. Tambi\u00e9n el enfoque del tiempo y su relatividad; todo pareci\u00f3 detenerse. El pasado, el presente y el futuro se condensaron en un momento fugaz capturado en la pintura, un momento que niega la continuidad lineal del tiempo.<\/span><\/span><\/p>\n","protected":false},"excerpt":{"rendered":"<p>\u00d3leo sobre papel.<\/p>\n<p>65 x 90 cm<\/p>\n<p>2021<\/p>\n","protected":false},"featured_media":2024142,"template":"","meta":[],"product_brand":[],"product_cat":[897,710,177],"product_tag":[141,175,1138],"class_list":{"0":"post-2024144","1":"product","2":"type-product","3":"status-publish","4":"has-post-thumbnail","6":"product_cat-mercedes-granel","7":"product_cat-nueva-figuracion-contemporanea","8":"product_cat-paintings","9":"product_tag-arte-contemporaneo","10":"product_tag-pintura","11":"product_tag-pintura-contemporanea","12":"product_shipping_class-caja","15":"instock","16":"shipping-taxable","17":"purchasable","18":"product-type-simple"},"_links":{"self":[{"href":"https:\/\/forloveatart.com\/en\/wp-json\/wp\/v2\/product\/2024144","targetHints":{"allow":["GET"]}}],"collection":[{"href":"https:\/\/forloveatart.com\/en\/wp-json\/wp\/v2\/product"}],"about":[{"href":"https:\/\/forloveatart.com\/en\/wp-json\/wp\/v2\/types\/product"}],"version-history":[{"count":0,"href":"https:\/\/forloveatart.com\/en\/wp-json\/wp\/v2\/product\/2024144\/revisions"}],"wp:featuredmedia":[{"embeddable":true,"href":"https:\/\/forloveatart.com\/en\/wp-json\/wp\/v2\/media\/2024142"}],"wp:attachment":[{"href":"https:\/\/forloveatart.com\/en\/wp-json\/wp\/v2\/media?parent=2024144"}],"wp:term":[{"taxonomy":"product_brand","embeddable":true,"href":"https:\/\/forloveatart.com\/en\/wp-json\/wp\/v2\/product_brand?post=2024144"},{"taxonomy":"product_cat","embeddable":true,"href":"https:\/\/forloveatart.com\/en\/wp-json\/wp\/v2\/product_cat?post=2024144"},{"taxonomy":"product_tag","embeddable":true,"href":"https:\/\/forloveatart.com\/en\/wp-json\/wp\/v2\/product_tag?post=2024144"}],"curies":[{"name":"wp","href":"https:\/\/api.w.org\/{rel}","templated":true}]}}