{"id":2024150,"date":"2023-06-27T19:45:57","date_gmt":"2023-06-27T19:45:57","guid":{"rendered":"https:\/\/forloveatart.com\/?post_type=product&#038;p=2024150"},"modified":"2023-06-27T19:45:59","modified_gmt":"2023-06-27T19:45:59","slug":"origen-2","status":"publish","type":"product","link":"https:\/\/forloveatart.com\/en\/producto\/origen-2\/","title":{"rendered":"Origen"},"content":{"rendered":"<p dir=\"ltr\" style=\"line-height: 1.656;text-align: justify;margin-top: 0pt;margin-bottom: 0pt\" data-mce-style=\"line-height: 1.656; text-align: justify; margin-top: 0pt; margin-bottom: 0pt;\"><span id=\"docs-internal-guid-881667ef-7fff-b9e0-9ace-2b3220741f6c\"><span style=\"font-size: 11pt;font-family: Arial;background-color: transparent;vertical-align: baseline\" data-mce-style=\"font-size: 11pt; font-family: Arial; background-color: transparent; vertical-align: baseline;\">Las obras de mi serie <\/span><span style=\"font-size: 11pt;font-family: Arial;background-color: transparent;font-style: italic;vertical-align: baseline\" data-mce-style=\"font-size: 11pt; font-family: Arial; background-color: transparent; font-style: italic; vertical-align: baseline;\">Espacios <\/span><span style=\"font-size: 11pt;font-family: Arial;background-color: transparent;vertical-align: baseline\" data-mce-style=\"font-size: 11pt; font-family: Arial; background-color: transparent; vertical-align: baseline;\">son clim\u00e1ticas, fragmentos de espacios desolados, donde el juego entre lo plano y lo volum\u00e9trico provoca una tensi\u00f3n visual. La paleta ficticia, la articulaci\u00f3n de sombras y luces genera ambig\u00fcedad, incomodidad e intriga. La t\u00e9cnica deviene en un lenguaje particular, aterciopelado, en el que las pinceladas se esfuman, con una apariencia pulcra y meticulosamente controlada.<\/span><\/span><\/p>\n","protected":false},"excerpt":{"rendered":"<p>\u00d3leo sobre papel.<\/p>\n<p>65 x 90 cm.<\/p>\n<p>2021.<\/p>\n","protected":false},"featured_media":2024148,"template":"","meta":[],"product_brand":[],"product_cat":[897,177],"product_tag":[141,175,1138],"class_list":{"0":"post-2024150","1":"product","2":"type-product","3":"status-publish","4":"has-post-thumbnail","6":"product_cat-mercedes-granel","7":"product_cat-paintings","8":"product_tag-arte-contemporaneo","9":"product_tag-pintura","10":"product_tag-pintura-contemporanea","11":"product_shipping_class-caja","14":"instock","15":"shipping-taxable","16":"purchasable","17":"product-type-simple"},"_links":{"self":[{"href":"https:\/\/forloveatart.com\/en\/wp-json\/wp\/v2\/product\/2024150","targetHints":{"allow":["GET"]}}],"collection":[{"href":"https:\/\/forloveatart.com\/en\/wp-json\/wp\/v2\/product"}],"about":[{"href":"https:\/\/forloveatart.com\/en\/wp-json\/wp\/v2\/types\/product"}],"version-history":[{"count":0,"href":"https:\/\/forloveatart.com\/en\/wp-json\/wp\/v2\/product\/2024150\/revisions"}],"wp:featuredmedia":[{"embeddable":true,"href":"https:\/\/forloveatart.com\/en\/wp-json\/wp\/v2\/media\/2024148"}],"wp:attachment":[{"href":"https:\/\/forloveatart.com\/en\/wp-json\/wp\/v2\/media?parent=2024150"}],"wp:term":[{"taxonomy":"product_brand","embeddable":true,"href":"https:\/\/forloveatart.com\/en\/wp-json\/wp\/v2\/product_brand?post=2024150"},{"taxonomy":"product_cat","embeddable":true,"href":"https:\/\/forloveatart.com\/en\/wp-json\/wp\/v2\/product_cat?post=2024150"},{"taxonomy":"product_tag","embeddable":true,"href":"https:\/\/forloveatart.com\/en\/wp-json\/wp\/v2\/product_tag?post=2024150"}],"curies":[{"name":"wp","href":"https:\/\/api.w.org\/{rel}","templated":true}]}}