{"id":2024316,"date":"2025-11-26T16:47:45","date_gmt":"2025-11-26T16:47:45","guid":{"rendered":"https:\/\/forloveatart.com\/?post_type=product&#038;p=2024316"},"modified":"2025-12-01T07:58:54","modified_gmt":"2025-12-01T07:58:54","slug":"la-puerta-del-cielo","status":"publish","type":"product","link":"https:\/\/forloveatart.com\/en\/producto\/la-puerta-del-cielo\/","title":{"rendered":"La puerta del cielo"},"content":{"rendered":"<p style=\"margin-top: 0px;margin-bottom: 1rem;font-family: Poppins, sans-serif;font-size: 15px\" data-mce-style=\"margin-top: 0px; margin-bottom: 1rem; font-family: Poppins, sans-serif; font-size: 15px;\">Guzpe\u00f1a, seud\u00f3nimo art\u00edstico de Enrique Rodr\u00edguez Garc\u00eda, naci\u00f3 en 1964 en Prado de la Guzpe\u00f1a, peque\u00f1a poblaci\u00f3n situada en las estribaciones de la Cordillera Cant\u00e1brica, en el norte de la provincia de Le\u00f3n.<\/p>\n<p style=\"margin-top: 0px;margin-bottom: 1rem;font-family: Poppins, sans-serif;font-size: 15px\" data-mce-style=\"margin-top: 0px; margin-bottom: 1rem; font-family: Poppins, sans-serif; font-size: 15px;\">Su formaci\u00f3n art\u00edstica comienza en 1982 en la Facultad de Bellas Artes de la Universidad del Pa\u00eds Vasco, en Bilbao, donde se gradu\u00f3 en la especialidad de pintura.<\/p>\n<p style=\"margin-top: 0px;margin-bottom: 1rem;font-family: Poppins, sans-serif;font-size: 15px\" data-mce-style=\"margin-top: 0px; margin-bottom: 1rem; font-family: Poppins, sans-serif; font-size: 15px;\">A partir de 1992 fija su residencia en Almanza, en la ribera del r\u00edo Cea, lugar cercano a su pueblo natal, donde tiene su estudio y donde el artista encontr\u00f3 la atm\u00f3sfera tranquila para la creaci\u00f3n.<\/p>\n<p style=\"margin-top: 0px;margin-bottom: 1rem;font-family: Poppins, sans-serif;font-size: 15px\" data-mce-style=\"margin-top: 0px; margin-bottom: 1rem; font-family: Poppins, sans-serif; font-size: 15px;\">No recuerda cuando comenz\u00f3 a pintar, pero desde 1976, a\u00f1o en el que realiz\u00f3 su primera exposici\u00f3n, siendo casi un ni\u00f1o, no ha dejado de viajar y de exponer sus obras en Museos, Centros Culturales y Galer\u00edas. Numerosas colecciones institucionales, corporativas y privadas poseen obra suya. Posee una dilatada trayectoria art\u00edstica:<\/p>\n<p style=\"margin-top: 0px;margin-bottom: 1rem;font-family: Poppins, sans-serif;font-size: 15px\" data-mce-style=\"margin-top: 0px; margin-bottom: 1rem; font-family: Poppins, sans-serif; font-size: 15px;\">\u2013 61 muestras individuales.<\/p>\n<p style=\"margin-top: 0px;margin-bottom: 1rem;font-family: Poppins, sans-serif;font-size: 15px\" data-mce-style=\"margin-top: 0px; margin-bottom: 1rem; font-family: Poppins, sans-serif; font-size: 15px;\">\u2013 448 exposiciones colectivas.<\/p>\n<p style=\"margin-top: 0px;margin-bottom: 1rem;font-family: Poppins, sans-serif;font-size: 15px\" data-mce-style=\"margin-top: 0px; margin-bottom: 1rem; font-family: Poppins, sans-serif; font-size: 15px;\">\u2013 62 premios y menciones.<\/p>\n<p style=\"margin-top: 0px;margin-bottom: 1rem;font-family: Poppins, sans-serif;font-size: 15px\" data-mce-style=\"margin-top: 0px; margin-bottom: 1rem; font-family: Poppins, sans-serif; font-size: 15px;\">Guzpe\u00f1a posee un estilo art\u00edstico muy personal, con estructuras y objetos a medio camino entre el juguete y el artefacto mec\u00e1nico, planos definidos, paisajes limpios, todo dentro de un universo particular y m\u00e1gico. Obras de colores planos y l\u00edneas de contorno que diferencian los espacios. Composiciones con una multiplicaci\u00f3n de formas geom\u00e9tricas y org\u00e1nicas ligadas por l\u00edneas rectas que act\u00faan como lazos comunicantes.<\/p>\n<p style=\"margin-top: 0px;margin-bottom: 1rem;font-family: Poppins, sans-serif;font-size: 15px\" data-mce-style=\"margin-top: 0px; margin-bottom: 1rem; font-family: Poppins, sans-serif; font-size: 15px;\">Las obras de Guzpe\u00f1a juegan con los s\u00edmbolos y los signos, con las emociones y los sentimientos, construyendo un original l\u00e9xico pl\u00e1stico. En sus obras hay un refinamiento po\u00e9tico intenso. La forma personal de pintar apuesta por la factura libre y bien terminada, la delicadeza y sutilidad del colorido previamente pensado, la firmeza de la l\u00ednea y del dibujo magn\u00edficamente trabado y la forma geom\u00e9trica que no renuncia al volumen. A todo ello se a\u00f1aden los cuidados contrastes de luces y sombras, gradaciones crom\u00e1ticas, perspectivas y profundidades. En ese misterio de sus mundos mitad cartesianos, mitad intuidos, se encuentra el secreto de una obra que no encuentra f\u00e1cil clasificaci\u00f3n.<\/p>\n<p style=\"margin-top: 0px;margin-bottom: 1rem;font-family: Poppins, sans-serif;font-size: 15px\" data-mce-style=\"margin-top: 0px; margin-bottom: 1rem; font-family: Poppins, sans-serif; font-size: 15px;\">Guzpe\u00f1a es un artista que trabaja con criterio, con sobriedad. Quiere que su obra posea emoci\u00f3n y misterio. El arte puede no significar nada, pero tiene un sentido que nos hace disfrutar y vivir de otra manera.<\/p>\n","protected":false},"excerpt":{"rendered":"<p style=\"margin-top: 0px;margin-bottom: 0px;font-family: Poppins, sans-serif;font-size: 14px\" data-mce-style=\"margin-top: 0px; margin-bottom: 0px; font-family: Poppins, sans-serif; font-size: 14px;\">\u201cLa puerta del cielo\u201d. Acr\u00edlico sobre lienzo. 54\u00d765. 2020.<\/p>\n<p style=\"margin-top: 0px;margin-bottom: 0px;font-family: Poppins, sans-serif;font-size: 14px\" data-mce-style=\"margin-top: 0px; margin-bottom: 0px; font-family: Poppins, sans-serif; font-size: 14px;\">De la serie \u201cEl planeta de la memoria\u201d.<\/p>\n<p style=\"margin-top: 0px;margin-bottom: 0px;font-family: Poppins, sans-serif;font-size: 14px\" data-mce-style=\"margin-top: 0px; margin-bottom: 0px; font-family: Poppins, sans-serif; font-size: 14px;\">www.guzpena.com<\/p>\n","protected":false},"featured_media":2024314,"template":"","meta":[],"product_brand":[],"product_cat":[177],"product_tag":[141,168,175,163,744],"class_list":{"0":"post-2024316","1":"product","2":"type-product","3":"status-publish","4":"has-post-thumbnail","6":"product_cat-paintings","7":"product_tag-arte-contemporaneo","8":"product_tag-arte-moderno-pintura","9":"product_tag-pintura","10":"product_tag-pintura-colorista","11":"product_tag-pintura-poetica","12":"product_shipping_class-caja","15":"instock","16":"shipping-taxable","17":"purchasable","18":"product-type-simple"},"_links":{"self":[{"href":"https:\/\/forloveatart.com\/en\/wp-json\/wp\/v2\/product\/2024316","targetHints":{"allow":["GET"]}}],"collection":[{"href":"https:\/\/forloveatart.com\/en\/wp-json\/wp\/v2\/product"}],"about":[{"href":"https:\/\/forloveatart.com\/en\/wp-json\/wp\/v2\/types\/product"}],"version-history":[{"count":2,"href":"https:\/\/forloveatart.com\/en\/wp-json\/wp\/v2\/product\/2024316\/revisions"}],"predecessor-version":[{"id":2024323,"href":"https:\/\/forloveatart.com\/en\/wp-json\/wp\/v2\/product\/2024316\/revisions\/2024323"}],"wp:featuredmedia":[{"embeddable":true,"href":"https:\/\/forloveatart.com\/en\/wp-json\/wp\/v2\/media\/2024314"}],"wp:attachment":[{"href":"https:\/\/forloveatart.com\/en\/wp-json\/wp\/v2\/media?parent=2024316"}],"wp:term":[{"taxonomy":"product_brand","embeddable":true,"href":"https:\/\/forloveatart.com\/en\/wp-json\/wp\/v2\/product_brand?post=2024316"},{"taxonomy":"product_cat","embeddable":true,"href":"https:\/\/forloveatart.com\/en\/wp-json\/wp\/v2\/product_cat?post=2024316"},{"taxonomy":"product_tag","embeddable":true,"href":"https:\/\/forloveatart.com\/en\/wp-json\/wp\/v2\/product_tag?post=2024316"}],"curies":[{"name":"wp","href":"https:\/\/api.w.org\/{rel}","templated":true}]}}